{"id":1485,"date":"2018-07-04T10:51:59","date_gmt":"2018-07-04T08:51:59","guid":{"rendered":"https:\/\/bessem.alliance-cube.com\/contact-reservation\/"},"modified":"2025-06-18T10:46:25","modified_gmt":"2025-06-18T08:46:25","slug":"contact-reservation","status":"publish","type":"page","link":"https:\/\/www.bessem-restaurant.com\/en\/contact-reservation\/","title":{"rendered":"Contact &#038; Reservation"},"content":{"rendered":"<div class=\"wpb-content-wrapper\"><p>[vc_row dfd_row_config=&#8221;full_width_content&#8221; full_height=&#8221;yes&#8221; force_equal_height_columns=&#8221;main_row&#8221; row_custom_paddings=&#8221;yes&#8221; row_columns_paddings=&#8221;0&#8243;][vc_column width=&#8221;1\/2&#8243; offset=&#8221;vc_hidden-xs&#8221; col_shadow=&#8221;box_shadow_enable:disable|shadow_horizontal:0|shadow_vertical:15|shadow_blur:50|shadow_spread:0|box_shadow_color:rgba(0%2C0%2C0%2C0.35)&#8221; col_shadow_hover=&#8221;box_shadow_enable:disable|shadow_horizontal:0|shadow_vertical:15|shadow_blur:50|shadow_spread:0|box_shadow_color:rgba(0%2C0%2C0%2C0.35)&#8221;][vc_column_text css=&#8221;&#8221;]<iframe style=\"border: 0;\" src=\"https:\/\/www.google.com\/maps\/embed?pb=!1m14!1m8!1m3!1d11568.654922422726!2d6.9334546!3d43.5406288!3m2!1i1024!2i768!4f13.1!3m3!1m2!1s0x12ce8327b0708cdb%3A0x7fe7ade6ad936003!2sBessem%20Restaurant!5e0!3m2!1sfr!2sfr!4v1718632638798!5m2!1sfr!2sfr\" width=\"100%\" height=\"1000\" allowfullscreen=\"allowfullscreen\"><\/iframe>[\/vc_column_text][\/vc_column][vc_column width=&#8221;1\/2&#8243; dfd_column_responsive_enable=&#8221;dfd-column-responsive-enable&#8221; col_shadow=&#8221;box_shadow_enable:disable|shadow_horizontal:0|shadow_vertical:15|shadow_blur:50|shadow_spread:0|box_shadow_color:rgba(0%2C0%2C0%2C0.35)&#8221; col_shadow_hover=&#8221;box_shadow_enable:disable|shadow_horizontal:0|shadow_vertical:15|shadow_blur:50|shadow_spread:0|box_shadow_color:rgba(0%2C0%2C0%2C0.35)&#8221; css=&#8221;.vc_custom_1541502867958{padding-right: 20% !important;padding-left: 20% !important;}&#8221; responsive_styles=&#8221;padding_left_mobile:8|padding_right_mobile:8&#8243;][dfd_spacer screen_wide_spacer_size=&#8221;30&#8243; screen_normal_resolution=&#8221;1024&#8243; screen_tablet_resolution=&#8221;800&#8243; screen_mobile_resolution=&#8221;480&#8243; screen_tablet_spacer_size=&#8221;30&#8243; screen_mobile_spacer_size=&#8221;30&#8243;][dfd_heading subtitle=&#8221;&#8221; enable_delimiter=&#8221;&#8221; undefined=&#8221;&#8221; title_font_options=&#8221;tag:h1|font_size:25|line_height:0&#8243; subtitle_font_options=&#8221;tag:div&#8221; title_responsive=&#8221;font_size_mobile:30&#8243;]<span style=\"color: #ff9037;\">BOOK A TABLE<\/span>[\/dfd_heading][dfd_spacer screen_wide_spacer_size=&#8221;25&#8243; screen_normal_resolution=&#8221;1024&#8243; screen_tablet_resolution=&#8221;800&#8243; screen_mobile_resolution=&#8221;480&#8243;][vc_column_text css=&#8221;.vc_custom_1750236381392{padding-right: 20px !important;padding-left: 20px !important;}&#8221;]<\/p>\n<h3 style=\"text-align: center;\"><strong><span style=\"color: #999999;\">Bessem Restaurant is open from Wednesday to Friday for dinner only, from 7:30 PM to 9:30 PM<br \/>\nand on Saturday and Sunday for lunch from 12:30 PM to 1:30 PM,<br \/>\nand dinner from 7:30 PM to 9:30 PM<\/span><\/strong><strong><span style=\"color: #999999;\"><br \/>\n<\/span><\/strong><\/h3>\n<p>[\/vc_column_text][dfd_spacer screen_wide_spacer_size=&#8221;30&#8243; screen_normal_resolution=&#8221;1024&#8243; screen_tablet_resolution=&#8221;800&#8243; screen_mobile_resolution=&#8221;480&#8243;][dfd_icon_list icon_align=&#8221;icon-center&#8221; list_fields=&#8221;%5B%7B%22icon_type%22%3A%22selector%22%2C%22select_icon%22%3A%22dfd_icons%22%2C%22ic_dfd_icons%22%3A%22dfd-socicon-telephone-handle-silhouette%22%2C%22text_content%22%3A%2204%2093%2049%2071%2023%22%7D%5D&#8221; main_style=&#8221;style-1&#8243; font_options=&#8221;tag:h1|font_size:25|color:%23003354&#8243; icon_size=&#8221;25&#8243; icon_color=&#8221;#003354&#8243;][dfd_spacer screen_wide_spacer_size=&#8221;10&#8243; screen_normal_resolution=&#8221;1024&#8243; screen_tablet_resolution=&#8221;800&#8243; screen_mobile_resolution=&#8221;480&#8243;][dfd_button button_text=&#8221;MAKE A RESERVATION ONLINE&#8221; main_style=&#8221;style-2&#8243; undefined=&#8221;&#8221; box_shadow=&#8221;box_shadow_enable:disable|shadow_horizontal:0|shadow_vertical:15|shadow_blur:50|shadow_spread:0|box_shadow_color:rgba(0%2C0%2C0%2C0.35)&#8221; hover_box_shadow=&#8221;box_shadow_enable:disable|shadow_horizontal:0|shadow_vertical:15|shadow_blur:50|shadow_spread:0|box_shadow_color:rgba(0%2C0%2C0%2C0.35)&#8221; background=&#8221;#003354&#8243; buttom_link_src=&#8221;url:https%3A%2F%2Fwww.bessem-restaurant.com%2Fen%2Freservation-form%2F|&#8221;][dfd_spacer screen_wide_spacer_size=&#8221;30&#8243; screen_normal_resolution=&#8221;1280&#8243; screen_tablet_resolution=&#8221;1024&#8243; screen_mobile_resolution=&#8221;800&#8243;][dfd_delimiter delimiter_style=&#8221;dfd-delimiter-with-line&#8221; delim_line_color=&#8221;#ff9037&#8243; undefined=&#8221;&#8221;][dfd_spacer screen_wide_spacer_size=&#8221;30&#8243; screen_normal_resolution=&#8221;1024&#8243; screen_tablet_resolution=&#8221;800&#8243; screen_mobile_resolution=&#8221;480&#8243; screen_tablet_spacer_size=&#8221;30&#8243; screen_mobile_spacer_size=&#8221;30&#8243;][vc_row_inner css=&#8221;.vc_custom_1530175775166{padding-right: 50px !important;padding-left: 50px !important;}&#8221;][vc_column_inner css=&#8221;.vc_custom_1530175729793{padding-right: 20% !important;padding-left: 20% !important;}&#8221; col_inner_shadow=&#8221;box_shadow_enable:disable|shadow_horizontal:0|shadow_vertical:15|shadow_blur:50|shadow_spread:0|box_shadow_color:rgba(0%2C0%2C0%2C0.35)&#8221; col_inner_shadow_hover=&#8221;box_shadow_enable:disable|shadow_horizontal:0|shadow_vertical:15|shadow_blur:50|shadow_spread:0|box_shadow_color:rgba(0%2C0%2C0%2C0.35)&#8221;][dfd_heading subtitle=&#8221;&#8221; enable_delimiter=&#8221;&#8221; undefined=&#8221;&#8221; title_font_options=&#8221;tag:h1|font_size:25&#8243; subtitle_font_options=&#8221;tag:div&#8221; title_responsive=&#8221;font_size_mobile:30&#8243;]<span style=\"color: #ff9037;\">CONTACT US<\/span>[\/dfd_heading][vc_column_text css=&#8221;.vc_custom_1696946380985{padding-right: 30px !important;padding-left: 30px !important;}&#8221;]<\/p>\n<h3 style=\"text-align: center;\"><span style=\"color: #999999;\">For all other requests, such as booking a table for more than 10 people or organising a special event, please complete the following form:<\/span><\/h3>\n<p>[\/vc_column_text][dfd_spacer screen_wide_spacer_size=&#8221;30&#8243; screen_normal_resolution=&#8221;1024&#8243; screen_tablet_resolution=&#8221;800&#8243; screen_mobile_resolution=&#8221;480&#8243;][dfd_user_form input_background=&#8221;#ededed&#8221; show_label_text=&#8221;on&#8221; border_color=&#8221;#ffffff&#8221; text_color=&#8221;#707070&#8243; horiz_margin_btw_inputs=&#8221;10&#8243; btn_text_transform=&#8221;uppercase&#8221; font_size=&#8221;12&#8243; letter_spacing=&#8221;1.5&#8243; button_border_width=&#8221;1&#8243; button_border_color=&#8221;rgba(255,255,255,0.01)&#8221; button_border_style=&#8221;solid&#8221; button_border_radius=&#8221;100&#8243; button_backgrond=&#8221;#003354&#8243; hover_button_backgrond=&#8221;#ff9037&#8243; button_color_text=&#8221;#ffffff&#8221; button_hover_color_text=&#8221;#ffffff&#8221; btn_message=&#8221;SEND&#8221; use_google_fonts_button=&#8221;yes&#8221; custom_fonts_button=&#8221;font_family:Nunito%3A300%2Cregular%2C700|font_style:400%20regular%3A400%3Anormal&#8221; email_to=&#8221;resas@bessem-restaurant.com&#8221; email_subject=&#8221;Nouvelle demande de contact depuis le site Bessem Restaurant&#8221; border_radius=&#8221;10&#8243; use_google_fonts_input=&#8221;yes&#8221; custom_fonts_input=&#8221;font_family:Nunito%3A300%2Cregular%2C700|font_style:300%20light%20regular%3A300%3Anormal&#8221; use_custom_layout=&#8221;on&#8221; layout_builder=&#8221;{1+}{&#8220;name&#8220;:&#8220;&#8220;,&#8220;presets&#8220;:{1+}{&#8220;name&#8220;:&#8220;col1&#8220;},{&#8220;name&#8220;:&#8220;col2&#8220;},{&#8220;name&#8220;:&#8220;col2&#8220;}{+1}},{&#8220;name&#8220;:&#8220;&#8220;,&#8220;presets&#8220;:{1+}{&#8220;name&#8220;:&#8220;add_col&#8220;}{+1}},{&#8220;name&#8220;:&#8220;&#8220;,&#8220;presets&#8220;:{1+}{&#8220;name&#8220;:&#8220;add_col&#8220;}{+1}},{&#8220;name&#8220;:&#8220;&#8220;,&#8220;presets&#8220;:{1+}{&#8220;name&#8220;:&#8220;add_col&#8220;}{+1}}{+1}&#8221; custom_template=&#8221;{&#8220;1-1&#8220;:{&#8220;text_name&#8220;:{&#8220;&#8220;:&#8220;&#8220;,&#8220;required-1&#8220;:&#8220;1&#8220;,&#8220;name&#8220;:&#8220;Name&#8220;}},&#8220;1-2&#8220;:{&#8220;email&#8220;:{&#8220;required-1&#8220;:&#8220;1&#8220;,&#8220;name&#8220;:&#8220;Email&#8220;}},&#8220;1-3&#8220;:{&#8220;telephone&#8220;:{&#8220;required-1&#8220;:&#8220;1&#8220;,&#8220;name&#8220;:&#8220;Phone&#8220;}},&#8220;2-1&#8220;:{&#8220;drop_down&#8220;:{&#8220;required-1&#8220;:&#8220;1&#8220;,&#8220;name&#8220;:&#8220;Subject&#8220;,&#8220;options&#8220;:&#8220;Planning a business event{+}Planning a private event{+}Book for a group of more than 10 people{+}Other requests&#8220;}},&#8220;3-1&#8220;:{&#8220;textarea_name&#8220;:{&#8220;name&#8220;:&#8220;Message&#8220;}},&#8220;4-1&#8220;:{&#8220;checkbox_name&#8220;:{&#8220;options&#8220;:&#8220;I agree to receive information from Bessem Restaurant.&#8220;}}}&#8221;]Bonjour,<\/p>\n<p>Une nouvelle demande de contact a \u00e9t\u00e9 faite pour Bessem Restaurant.<\/p>\n<p><strong>D\u00e9tail de la demande :\u00a0<\/strong><br \/>\nNom de l&#8217;exp\u00e9diteur : {{text_name-1-1}}<br \/>\nEmail de l&#8217;exp\u00e9diteur : {{email-1-2}}<br \/>\nT\u00e9l\u00e9phone : {{telephone-1-3}}<\/p>\n<p>Objet de la demande : {{drop_down-2-1}}<\/p>\n<p>Message :<br \/>\n{{textarea_name-3-1}}<\/p>\n<p>{{checkbox_name-4-1}}<\/p>\n<p>Ce message a \u00e9t\u00e9 envoy\u00e9 depuis le formulaire de contact du site www.bessem-restaurant.com[\/dfd_user_form][dfd_spacer screen_wide_spacer_size=&#8221;&#8221; screen_normal_resolution=&#8221;1024&#8243; screen_tablet_resolution=&#8221;800&#8243; screen_mobile_resolution=&#8221;480&#8243; screen_tablet_spacer_size=&#8221;30&#8243; screen_mobile_spacer_size=&#8221;30&#8243;][\/vc_column_inner][\/vc_row_inner][\/vc_column][\/vc_row][vc_row][vc_column][vc_column_text el_class=&#8221;test-button&#8221;]<a class=\"button-mobile\" href=\"tel:+33493497123\"><span class=\"fa fa-phone\" style=\"text-align: center;\">\u00a0<\/span>BOOK NOW<\/a>[\/vc_column_text][\/vc_column][\/vc_row]<\/p>\n<\/div>","protected":false},"excerpt":{"rendered":"<p>[vc_row dfd_row_config=&#8221;full_width_content&#8221; full_height=&#8221;yes&#8221; force_equal_height_columns=&#8221;main_row&#8221; row_custom_paddings=&#8221;yes&#8221; row_columns_paddings=&#8221;0&#8243;][vc_column width=&#8221;1\/2&#8243; offset=&#8221;vc_hidden-xs&#8221; col_shadow=&#8221;box_shadow_enable:disable|shadow_horizontal:0|shadow_vertical:15|shadow_blur:50|shadow_spread:0|box_shadow_color:rgba(0%2C0%2C0%2C0.35)&#8221; col_shadow_hover=&#8221;box_shadow_enable:disable|shadow_horizontal:0|shadow_vertical:15|shadow_blur:50|shadow_spread:0|box_shadow_color:rgba(0%2C0%2C0%2C0.35)&#8221;][vc_column_text css=&#8221;&#8221;][\/vc_column_text][\/vc_column][vc_column width=&#8221;1\/2&#8243; dfd_column_responsive_enable=&#8221;dfd-column-responsive-enable&#8221; col_shadow=&#8221;box_shadow_enable:disable|shadow_horizontal:0|shadow_vertical:15|shadow_blur:50|shadow_spread:0|box_shadow_color:rgba(0%2C0%2C0%2C0.35)&#8221; col_shadow_hover=&#8221;box_shadow_enable:disable|shadow_horizontal:0|shadow_vertical:15|shadow_blur:50|shadow_spread:0|box_shadow_color:rgba(0%2C0%2C0%2C0.35)&#8221; css=&#8221;.vc_custom_1541502867958{padding-right: 20% !important;padding-left: 20% !important;}&#8221; responsive_styles=&#8221;padding_left_mobile:8|padding_right_mobile:8&#8243;][dfd_spacer screen_wide_spacer_size=&#8221;30&#8243; screen_normal_resolution=&#8221;1024&#8243; screen_tablet_resolution=&#8221;800&#8243; screen_mobile_resolution=&#8221;480&#8243; screen_tablet_spacer_size=&#8221;30&#8243; screen_mobile_spacer_size=&#8221;30&#8243;][dfd_heading subtitle=&#8221;&#8221; enable_delimiter=&#8221;&#8221; undefined=&#8221;&#8221;<\/p>\n","protected":false},"author":3,"featured_media":0,"parent":0,"menu_order":0,"comment_status":"closed","ping_status":"closed","template":"tmp-page.php","meta":{"footnotes":""},"class_list":["post-1485","page","type-page","status-publish","hentry"],"yoast_head":"<!-- This site is optimized with the Yoast SEO plugin v26.3 - https:\/\/yoast.com\/wordpress\/plugins\/seo\/ -->\n<title>Bessem Restaurant - Contact &amp; reservation<\/title>\n<meta name=\"description\" content=\"Book a table online or by phone at 04 93 49 71 23\" \/>\n<meta name=\"robots\" content=\"index, follow, max-snippet:-1, max-image-preview:large, max-video-preview:-1\" \/>\n<link rel=\"canonical\" href=\"https:\/\/www.bessem-restaurant.com\/en\/contact-reservation\/\" \/>\n<meta property=\"og:locale\" content=\"en_US\" \/>\n<meta property=\"og:type\" content=\"article\" \/>\n<meta property=\"og:title\" content=\"Bessem Restaurant - Contact &amp; reservation\" \/>\n<meta property=\"og:description\" content=\"Book a table online or by phone at 04 93 49 71 23\" \/>\n<meta property=\"og:url\" content=\"https:\/\/www.bessem-restaurant.com\/en\/contact-reservation\/\" \/>\n<meta property=\"og:site_name\" content=\"Bessem Restaurant\" \/>\n<meta property=\"article:publisher\" content=\"https:\/\/www.facebook.com\/bessemrestaurant\/\" \/>\n<meta property=\"article:modified_time\" content=\"2025-06-18T08:46:25+00:00\" \/>\n<meta name=\"twitter:card\" content=\"summary_large_image\" \/>\n<meta name=\"twitter:label1\" content=\"Est. reading time\" \/>\n\t<meta name=\"twitter:data1\" content=\"2 minutes\" \/>\n<script type=\"application\/ld+json\" class=\"yoast-schema-graph\">{\"@context\":\"https:\/\/schema.org\",\"@graph\":[{\"@type\":\"WebPage\",\"@id\":\"https:\/\/www.bessem-restaurant.com\/en\/contact-reservation\/\",\"url\":\"https:\/\/www.bessem-restaurant.com\/en\/contact-reservation\/\",\"name\":\"Bessem Restaurant - Contact & reservation\",\"isPartOf\":{\"@id\":\"https:\/\/www.bessem-restaurant.com\/en\/#website\"},\"datePublished\":\"2018-07-04T08:51:59+00:00\",\"dateModified\":\"2025-06-18T08:46:25+00:00\",\"description\":\"Book a table online or by phone at 04 93 49 71 23\",\"breadcrumb\":{\"@id\":\"https:\/\/www.bessem-restaurant.com\/en\/contact-reservation\/#breadcrumb\"},\"inLanguage\":\"en-US\",\"potentialAction\":[{\"@type\":\"ReadAction\",\"target\":[\"https:\/\/www.bessem-restaurant.com\/en\/contact-reservation\/\"]}]},{\"@type\":\"BreadcrumbList\",\"@id\":\"https:\/\/www.bessem-restaurant.com\/en\/contact-reservation\/#breadcrumb\",\"itemListElement\":[{\"@type\":\"ListItem\",\"position\":1,\"name\":\"Accueil\",\"item\":\"https:\/\/www.bessem-restaurant.com\/en\/\"},{\"@type\":\"ListItem\",\"position\":2,\"name\":\"Contact &#038; Reservation\"}]},{\"@type\":\"WebSite\",\"@id\":\"https:\/\/www.bessem-restaurant.com\/en\/#website\",\"url\":\"https:\/\/www.bessem-restaurant.com\/en\/\",\"name\":\"Bessem Restaurant\",\"description\":\"Gastronomie tout en panache, cr\u00e9ative et savoureuse.\",\"publisher\":{\"@id\":\"https:\/\/www.bessem-restaurant.com\/en\/#organization\"},\"potentialAction\":[{\"@type\":\"SearchAction\",\"target\":{\"@type\":\"EntryPoint\",\"urlTemplate\":\"https:\/\/www.bessem-restaurant.com\/en\/?s={search_term_string}\"},\"query-input\":{\"@type\":\"PropertyValueSpecification\",\"valueRequired\":true,\"valueName\":\"search_term_string\"}}],\"inLanguage\":\"en-US\"},{\"@type\":\"Organization\",\"@id\":\"https:\/\/www.bessem-restaurant.com\/en\/#organization\",\"name\":\"BESSEM RESTAURANT\",\"url\":\"https:\/\/www.bessem-restaurant.com\/en\/\",\"logo\":{\"@type\":\"ImageObject\",\"inLanguage\":\"en-US\",\"@id\":\"https:\/\/www.bessem-restaurant.com\/en\/#\/schema\/logo\/image\/\",\"url\":\"https:\/\/www.bessem-restaurant.com\/wp-content\/uploads\/2018\/07\/Bessem-Logo-footer.png\",\"contentUrl\":\"https:\/\/www.bessem-restaurant.com\/wp-content\/uploads\/2018\/07\/Bessem-Logo-footer.png\",\"width\":130,\"height\":110,\"caption\":\"BESSEM RESTAURANT\"},\"image\":{\"@id\":\"https:\/\/www.bessem-restaurant.com\/en\/#\/schema\/logo\/image\/\"},\"sameAs\":[\"https:\/\/www.facebook.com\/bessemrestaurant\/\",\"https:\/\/www.instagram.com\/bessemrestaurant\/\"]}]}<\/script>\n<!-- \/ Yoast SEO plugin. -->","yoast_head_json":{"title":"Bessem Restaurant - Contact & reservation","description":"Book a table online or by phone at 04 93 49 71 23","robots":{"index":"index","follow":"follow","max-snippet":"max-snippet:-1","max-image-preview":"max-image-preview:large","max-video-preview":"max-video-preview:-1"},"canonical":"https:\/\/www.bessem-restaurant.com\/en\/contact-reservation\/","og_locale":"en_US","og_type":"article","og_title":"Bessem Restaurant - Contact & reservation","og_description":"Book a table online or by phone at 04 93 49 71 23","og_url":"https:\/\/www.bessem-restaurant.com\/en\/contact-reservation\/","og_site_name":"Bessem Restaurant","article_publisher":"https:\/\/www.facebook.com\/bessemrestaurant\/","article_modified_time":"2025-06-18T08:46:25+00:00","twitter_card":"summary_large_image","twitter_misc":{"Est. reading time":"2 minutes"},"schema":{"@context":"https:\/\/schema.org","@graph":[{"@type":"WebPage","@id":"https:\/\/www.bessem-restaurant.com\/en\/contact-reservation\/","url":"https:\/\/www.bessem-restaurant.com\/en\/contact-reservation\/","name":"Bessem Restaurant - Contact & reservation","isPartOf":{"@id":"https:\/\/www.bessem-restaurant.com\/en\/#website"},"datePublished":"2018-07-04T08:51:59+00:00","dateModified":"2025-06-18T08:46:25+00:00","description":"Book a table online or by phone at 04 93 49 71 23","breadcrumb":{"@id":"https:\/\/www.bessem-restaurant.com\/en\/contact-reservation\/#breadcrumb"},"inLanguage":"en-US","potentialAction":[{"@type":"ReadAction","target":["https:\/\/www.bessem-restaurant.com\/en\/contact-reservation\/"]}]},{"@type":"BreadcrumbList","@id":"https:\/\/www.bessem-restaurant.com\/en\/contact-reservation\/#breadcrumb","itemListElement":[{"@type":"ListItem","position":1,"name":"Accueil","item":"https:\/\/www.bessem-restaurant.com\/en\/"},{"@type":"ListItem","position":2,"name":"Contact &#038; Reservation"}]},{"@type":"WebSite","@id":"https:\/\/www.bessem-restaurant.com\/en\/#website","url":"https:\/\/www.bessem-restaurant.com\/en\/","name":"Bessem Restaurant","description":"Gastronomie tout en panache, cr\u00e9ative et savoureuse.","publisher":{"@id":"https:\/\/www.bessem-restaurant.com\/en\/#organization"},"potentialAction":[{"@type":"SearchAction","target":{"@type":"EntryPoint","urlTemplate":"https:\/\/www.bessem-restaurant.com\/en\/?s={search_term_string}"},"query-input":{"@type":"PropertyValueSpecification","valueRequired":true,"valueName":"search_term_string"}}],"inLanguage":"en-US"},{"@type":"Organization","@id":"https:\/\/www.bessem-restaurant.com\/en\/#organization","name":"BESSEM RESTAURANT","url":"https:\/\/www.bessem-restaurant.com\/en\/","logo":{"@type":"ImageObject","inLanguage":"en-US","@id":"https:\/\/www.bessem-restaurant.com\/en\/#\/schema\/logo\/image\/","url":"https:\/\/www.bessem-restaurant.com\/wp-content\/uploads\/2018\/07\/Bessem-Logo-footer.png","contentUrl":"https:\/\/www.bessem-restaurant.com\/wp-content\/uploads\/2018\/07\/Bessem-Logo-footer.png","width":130,"height":110,"caption":"BESSEM RESTAURANT"},"image":{"@id":"https:\/\/www.bessem-restaurant.com\/en\/#\/schema\/logo\/image\/"},"sameAs":["https:\/\/www.facebook.com\/bessemrestaurant\/","https:\/\/www.instagram.com\/bessemrestaurant\/"]}]}},"_links":{"self":[{"href":"https:\/\/www.bessem-restaurant.com\/en\/wp-json\/wp\/v2\/pages\/1485","targetHints":{"allow":["GET"]}}],"collection":[{"href":"https:\/\/www.bessem-restaurant.com\/en\/wp-json\/wp\/v2\/pages"}],"about":[{"href":"https:\/\/www.bessem-restaurant.com\/en\/wp-json\/wp\/v2\/types\/page"}],"author":[{"embeddable":true,"href":"https:\/\/www.bessem-restaurant.com\/en\/wp-json\/wp\/v2\/users\/3"}],"replies":[{"embeddable":true,"href":"https:\/\/www.bessem-restaurant.com\/en\/wp-json\/wp\/v2\/comments?post=1485"}],"version-history":[{"count":14,"href":"https:\/\/www.bessem-restaurant.com\/en\/wp-json\/wp\/v2\/pages\/1485\/revisions"}],"predecessor-version":[{"id":6529,"href":"https:\/\/www.bessem-restaurant.com\/en\/wp-json\/wp\/v2\/pages\/1485\/revisions\/6529"}],"wp:attachment":[{"href":"https:\/\/www.bessem-restaurant.com\/en\/wp-json\/wp\/v2\/media?parent=1485"}],"curies":[{"name":"wp","href":"https:\/\/api.w.org\/{rel}","templated":true}]}}